{"id":365,"date":"2019-01-17T09:34:08","date_gmt":"2019-01-17T09:34:08","guid":{"rendered":"https:\/\/avocat-gdpr.ro\/?page_id=365"},"modified":"2019-01-18T12:40:20","modified_gmt":"2019-01-18T12:40:20","slug":"politica-de-confidentialitate","status":"publish","type":"page","link":"https:\/\/avocat-gdpr.ro\/index.php\/politica-de-confidentialitate\/","title":{"rendered":"Politica de Confidentialitate"},"content":{"rendered":"\n<p>Bun\u0103 ziua,<br>Va mul\u021bumim pentru interesul acordat serviciilor noastre.<br>\u0218tim ca datele dumneavoastr\u0103 personale sunt extrem de importante \u0219i suntem con\u0219tien\u021bi c\u0103 siguran\u021ba lor este o prioritate pentru dumneavoastr\u0103. Va \u00eemp\u0103rt\u0103\u0219im aceste valori si din aceste considerente, dorim s\u0103 fim cat mai deschi\u0219i \u0219i r\u0103m\u00e2nem la dispozi\u021bia dumneavoastr\u0103 pentru a v\u0103 oferi toate detaliile necesare.<br>\u00cen contextul noilor reglement\u0103ri Europene \u00een privin\u021ba utiliz\u0103rii \u0219i prelucr\u0103rii datelor personale din 25 mai 2018 (GDPR), v\u0103 inform\u0103m<br>Noi suntem Cabinetul Individual de Avocatur\u0103 Andreea Ion, cu adresa \u00een Bucure\u0219ti, Sector 1, Str. Emanoil Porumbaru Nr. 56 \u0219i codul de identificare fiscal\u0103 28635739<br>V\u0103 inform\u0103m c\u0103 datele completate de dumneavoastr\u0103 sunt folosite doar \u00een scopul de a v\u0103 onora solicit\u0103rile.<\/p>\n\n\n\n<p>Acest website folose\u0219te cookies. Toate cookie-urile sunt folosite pentru buna func\u021bionare a website-ului \u0219i acestea nu colecteaz\u0103 date personale. Toate datele colectate sunt de ordin statistic.<\/p>\n\n\n\n<p>Durata colect\u0103rii \u0219i confiden\u021bialitatea<\/p>\n\n\n\n<p>Pentru a putea facilita viitoarele noastre interac\u021biuni, datele oferite de dumneavoastr\u0103 r\u0103m\u00e2n \u00een posesia noastr\u0103 pentru o perioada de 3 ani, vor fi stocate pe server securizat aflat pe teritoriul Rom\u00e2niei, iar accesul la acestea este restric\u021bionat la un num\u0103r limitat de persoane.<\/p>\n\n\n\n<p>Datele dumneavoastr\u0103 nu vor fi \u00eemp\u0103rt\u0103\u0219ite cu nicio persoan\u0103 fizic\u0103 sau juridic\u0103 din afara societ\u0103\u021bii noastre.<\/p>\n\n\n\n<p>Drepturile dumneavoastr\u0103<\/p>\n\n\n\n<p>Conform Art. 15 \u2013 21 din GDPR, dumneavoastr\u0103 ave\u021bi urm\u0103toarele drepturi<br>1. de a solicita acces la date, pentru care recomand\u0103m completarea acestui <strong><a href=\"https:\/\/avocat-gdpr.ro\/wp-content\/uploads\/2019\/01\/CAIA_Cerere-pentru-dreptul-de-acces-1.docx\">formular  <\/a><\/strong><br>2. dreptul de a restr\u00e2nge prelucrarea datelor- <strong><a href=\"https:\/\/avocat-gdpr.ro\/wp-content\/uploads\/2019\/01\/CAIA_Cerere-pentru-exercitarea-dreptului-de-a-restr\u00e2nge-prelucrarea-datelor-1.docx\">formular<\/a><\/strong> <br>3. dreptul de a v\u0103 opune prelucr\u0103rii &#8211; <strong><a href=\"https:\/\/avocat-gdpr.ro\/wp-content\/uploads\/2019\/01\/CAIA_Cerere-pentru-exercitarea-dreptului-de-a-se-opune-prelucr\u0103rii-1.docx\">formular<\/a><\/strong><a href=\"https:\/\/avocat-gdpr.ro\/wp-content\/uploads\/2019\/01\/CAIA_Cerere-pentru-exercitarea-dreptului-de-a-se-opune-prelucr\u0103rii.docx\"><br><\/a>4. dreptul de a ob\u021bine \u0219tergerea datelor- <strong><a href=\"https:\/\/avocat-gdpr.ro\/wp-content\/uploads\/2019\/01\/CAIA_Cerere-pentru-exercitarea-dreptului-de-\u0219tergere-a-datelor-1.docx\">formular<\/a><\/strong><a href=\"https:\/\/avocat-gdpr.ro\/wp-content\/uploads\/2019\/01\/CAIA_Cerere-pentru-exercitarea-dreptului-de-\u0219tergere-a-datelor.docx\"><br><\/a>5. dreptul la portabilitatea datelor,(doar \u00een cazul \u00een care acestea sunt prelucrate \u00een mod automat) &#8211; <strong><a href=\"https:\/\/avocat-gdpr.ro\/wp-content\/uploads\/2019\/01\/CAIA_Cerere-pentru-exercitarea-dreptului-la-portabilitate-1.docx\">formular<\/a><\/strong><a href=\"https:\/\/avocat-gdpr.ro\/wp-content\/uploads\/2019\/01\/CAIA_Cerere-pentru-exercitarea-dreptului-la-portabilitate.docx\"><br><\/a>6. dreptul la rectificare- <strong><a href=\"https:\/\/avocat-gdpr.ro\/wp-content\/uploads\/2019\/01\/CAIA-_Cerere-pentru-exercitarea-dreptului-de-a-rectifica-datele-1.docx\">formular<\/a><\/strong><\/p>\n\n\n\n<p>V\u0103 asigur\u0103m de toat\u0103 colaborarea noastr\u0103 pentru exercitarea efectiv\u0103 a tuturor acestor drepturi.<br>Dac\u0103 dori\u021bi sa va exercita\u021bi unul dintre cele 6 drepturi enumerate pu\u021bin mai sus, v\u0103 rug\u0103m sa ne scrie\u021bi la adresa office@legaltobusiness.com iar persoana responsabil\u0103 de date personale v\u0103 va r\u0103spunde \u00een cel mai scurt timp posibil, dar nu mai t\u00e2rziu de 30 de zile.<\/p>\n\n\n\n<p>Daca nu sunte\u021bi mul\u021bumit de r\u0103spunsul nostru sau acesta nu a venit, v\u0103 pute\u021bi adresa autorit\u0103\u021bii competente Autoritatea Na\u021bional\u0103 de Protec\u021bie a Datelor personale pe website-ul www.dataprotection.ro sau la adresa B-dul. G-ral. Gheorghe Magheru 28-30, Sector 1, cod postal 010336, Bucure\u0219ti, Rom\u00e2nia, sau prin e-mail anspdcp[at]dataprotection.ro sau fax, la num\u0103rul +40318.059.602.<br>Ne rezerv\u0103m dreptul de a ne modifica, atunci c\u00e2nd consider\u0103m oportun, practicile de protec\u0163ie a datelor \u0219i de a actualiza \u0219i modifica prezenta not\u0103 de informare \u00een orice moment. Datele dumneavoastr\u0103 se vor supune regulilor aplicabile la data la care ne-a\u021bi transmis datele. Aceast\u0103 not\u0103 de informare este actualizat\u0103 la data la care apare \u00een partea superioar\u0103 a documentului, iar versiunile anterioare sunt accesibile aici<\/p>\n","protected":false},"excerpt":{"rendered":"<p>Bun\u0103 ziua,Va mul\u021bumim pentru interesul acordat serviciilor noastre.\u0218tim ca datele dumneavoastr\u0103 personale sunt extrem de importante \u0219i suntem con\u0219tien\u021bi c\u0103 siguran\u021ba lor este o prioritate pentru dumneavoastr\u0103. Va \u00eemp\u0103rt\u0103\u0219im aceste valori si din aceste considerente, dorim s\u0103 fim cat mai deschi\u0219i \u0219i r\u0103m\u00e2nem la dispozi\u021bia dumneavoastr\u0103 pentru a v\u0103 oferi toate detaliile necesare.\u00cen contextul noilor [&hellip;]<\/p>\n","protected":false},"author":1,"featured_media":0,"parent":0,"menu_order":0,"comment_status":"closed","ping_status":"closed","template":"","meta":[],"_links":{"self":[{"href":"https:\/\/avocat-gdpr.ro\/index.php\/wp-json\/wp\/v2\/pages\/365"}],"collection":[{"href":"https:\/\/avocat-gdpr.ro\/index.php\/wp-json\/wp\/v2\/pages"}],"about":[{"href":"https:\/\/avocat-gdpr.ro\/index.php\/wp-json\/wp\/v2\/types\/page"}],"author":[{"embeddable":true,"href":"https:\/\/avocat-gdpr.ro\/index.php\/wp-json\/wp\/v2\/users\/1"}],"replies":[{"embeddable":true,"href":"https:\/\/avocat-gdpr.ro\/index.php\/wp-json\/wp\/v2\/comments?post=365"}],"version-history":[{"count":14,"href":"https:\/\/avocat-gdpr.ro\/index.php\/wp-json\/wp\/v2\/pages\/365\/revisions"}],"predecessor-version":[{"id":416,"href":"https:\/\/avocat-gdpr.ro\/index.php\/wp-json\/wp\/v2\/pages\/365\/revisions\/416"}],"wp:attachment":[{"href":"https:\/\/avocat-gdpr.ro\/index.php\/wp-json\/wp\/v2\/media?parent=365"}],"curies":[{"name":"wp","href":"https:\/\/api.w.org\/{rel}","templated":true}]}}